{"id":33,"date":"2023-01-12T00:14:47","date_gmt":"2023-01-11T23:14:47","guid":{"rendered":"http:\/\/drequeen.pl\/?page_id=33"},"modified":"2023-03-08T13:15:06","modified_gmt":"2023-03-08T12:15:06","slug":"kontakt","status":"publish","type":"page","link":"https:\/\/drequeen.pl\/?page_id=33","title":{"rendered":"O MNIE"},"content":{"rendered":"<p style=\"text-align: center;\">Musz\u0119 si\u0119 do czego\u015b przyzna\u0107. <br \/>Ju\u017c na pocz\u0105tku, bo nie ma sensu tego d\u0142u\u017cej ukrywa\u0107. <br \/><strong>Kocham konie!<\/strong> <br \/>Seeerio. Niezmiennie. I to <strong>od ponad dwudziestu lat<\/strong>. <br \/>Ufff\u2026 skoro najgorsze ju\u017c mamy za sob\u0105, mo\u017cemy przej\u015b\u0107 do konkret\u00f3w.<\/p>\n<p style=\"text-align: center;\">Z wykszta\u0142cenia jestem doktorem nauk medycznych (specjalno\u015b\u0107 biologia medyczna), <br \/>a temat mojej rozprawy doktorskiej dotyczy\u0142 <strong>proces\u00f3w uczenia si\u0119 i konsolidacji pami\u0119ci<\/strong>. <br \/>Poza tym uko\u0144czy\u0142am studia podyplomowe na kierunku \u201e<em>Naukowe podstawy treningu koni<\/em>\u201d oraz \u201e<em>Hodowla koni i je\u017adziectwo<\/em>\u201d.\u00a0<\/p>\n<p style=\"text-align: center;\">Jestem wyk\u0142adowczyni\u0105 na kierunku <strong>Stosowana Psychologia Zwierz\u0105t<\/strong> na Uniwersytecie Warszawskim oraz\u00a0<br \/>asystentk\u0105 w Katedrze <strong>Psychologii Poznawczej i Neurokognitywistyki<\/strong>, Wydzia\u0142u Psychologii UW.<\/p>\n<p style=\"text-align: center;\">Moje publikacje naukowe mo\u017cesz znale\u017a\u0107 tutaj:<br \/><a href=\"https:\/\/scholar.google.pl\/citations?user=WrkJ4SIAAAAJ&amp;hl=pl&amp;oi=ao\">https:\/\/scholar.google.pl\/citations?user=WrkJ4SIAAAAJ&amp;hl=pl&amp;oi=ao<\/a><\/p>\n<p style=\"text-align: center;\">Posiadam uprawnienia instruktora Szkolenia Podstawowego <strong>Polskiego Zwi\u0105zku Je\u017adzieckiego<\/strong>,<br \/>uprawnienia s\u0119dziego III klasy w dyscyplinie uje\u017cd\u017cenia, skok\u00f3w przez przeszkody, WKKW,<br \/>a tak\u017ce br\u0105zow\u0105, srebrn\u0105 i z\u0142ot\u0105 odznak\u0119 je\u017adzieck\u0105.<\/p>\n<p style=\"text-align: center;\">Od dawna marzy\u0142am, aby m\u00f3c po\u0142\u0105czy\u0107 moje dwie najwi\u0119ksze \u017cyciowe pasje\u00a0<br \/>\u2013 konie i nauk\u0119. St\u0105d pomys\u0142 na t\u0119 stron\u0119.<\/p>\n<p style=\"text-align: center;\"><strong>O KONIACH. NAUKOWO.<\/strong><\/p>\n<p style=\"text-align: center;\">Wi\u0119cej o moim podej\u015bciu mo\u017cna przeczyta\u0107 na stronie <a href=\"http:\/\/drequeen.pl\/?page_id=19\"><strong><u>MISJA.<\/u><\/strong><\/a><\/p>\n<p style=\"text-align: center;\">Je\u015bli chcesz si\u0119 za mn\u0105 skontaktowa\u0107, nawi\u0105za\u0107 wsp\u00f3\u0142prac\u0119, zaprosi\u0107 na wyk\u0142ad &#8211; pisz \u015bmia\u0142o:<\/p>\n<p style=\"text-align: center;\"><a href=\"mailto:kontakt@drequeen.pl\" target=\"_blank\" rel=\"noopener\">kontakt@drequeen.pl<\/a><\/p>\n<p style=\"text-align: center;\"><strong>DR EQUEEN<\/strong><br \/>dr n. med. Katarzyna Jawna-Zboi\u0144ska<\/p>\n\n<div class=\"wp-block-image\">\n<figure class=\"aligncenter size-large is-resized\"><img loading=\"lazy\" decoding=\"async\" src=\"http:\/\/drequeen.pl\/wp-content\/uploads\/2023\/01\/cropped-Sygnet-CMYK-A-1024x1024.jpg\" alt=\"\" class=\"wp-image-18\" width=\"100\" height=\"100\" srcset=\"https:\/\/drequeen.pl\/wp-content\/uploads\/2023\/01\/cropped-Sygnet-CMYK-A-1024x1024.jpg 1024w, https:\/\/drequeen.pl\/wp-content\/uploads\/2023\/01\/cropped-Sygnet-CMYK-A-300x300.jpg 300w, https:\/\/drequeen.pl\/wp-content\/uploads\/2023\/01\/cropped-Sygnet-CMYK-A-150x150.jpg 150w, https:\/\/drequeen.pl\/wp-content\/uploads\/2023\/01\/cropped-Sygnet-CMYK-A-768x768.jpg 768w, https:\/\/drequeen.pl\/wp-content\/uploads\/2023\/01\/cropped-Sygnet-CMYK-A-1140x1140.jpg 1140w, https:\/\/drequeen.pl\/wp-content\/uploads\/2023\/01\/cropped-Sygnet-CMYK-A-75x75.jpg 75w, https:\/\/drequeen.pl\/wp-content\/uploads\/2023\/01\/cropped-Sygnet-CMYK-A.jpg 1241w\" sizes=\"auto, (max-width: 100px) 100vw, 100px\" \/><\/figure>\n<\/div>","protected":false},"excerpt":{"rendered":"<p>Musz\u0119 si\u0119 do czego\u015b przyzna\u0107. Ju\u017c na pocz\u0105tku, bo nie ma sensu tego d\u0142u\u017cej ukrywa\u0107. Kocham konie! Seeerio. Niezmiennie. I to od ponad dwudziestu lat. Ufff\u2026 skoro najgorsze ju\u017c mamy za sob\u0105, mo\u017cemy przej\u015b\u0107 do konkret\u00f3w. Z wykszta\u0142cenia jestem doktorem nauk medycznych (specjalno\u015b\u0107 biologia medyczna), a temat mojej rozprawy doktorskiej dotyczy\u0142 proces\u00f3w uczenia si\u0119 i konsolidacji pami\u0119ci. Poza tym uko\u0144czy\u0142am studia podyplomowe na kierunku \u201eNaukowe podstawy treningu koni\u201d oraz \u201eHodowla koni i je\u017adziectwo\u201d.\u00a0 Jestem wyk\u0142adowczyni\u0105 na kierunku Stosowana Psychologia Zwierz\u0105t na Uniwersytecie Warszawskim oraz\u00a0asystentk\u0105 w Katedrze Psychologii Poznawczej i Neurokognitywistyki, Wydzia\u0142u Psychologii UW. Moje publikacje naukowe mo\u017cesz znale\u017a\u0107 tutaj:https:\/\/scholar.google.pl\/citations?user=WrkJ4SIAAAAJ&amp;hl=pl&amp;oi=ao Posiadam uprawnienia instruktora Szkolenia Podstawowego Polskiego Zwi\u0105zku Je\u017adzieckiego,uprawnienia s\u0119dziego III klasy w dyscyplinie uje\u017cd\u017cenia, skok\u00f3w przez przeszkody, WKKW,a tak\u017ce br\u0105zow\u0105, srebrn\u0105 i z\u0142ot\u0105 odznak\u0119 je\u017adzieck\u0105. Od dawna marzy\u0142am, aby m\u00f3c po\u0142\u0105czy\u0107 moje dwie najwi\u0119ksze \u017cyciowe pasje\u00a0\u2013 konie i nauk\u0119. St\u0105d pomys\u0142 na t\u0119 stron\u0119. O KONIACH. NAUKOWO. Wi\u0119cej o moim podej\u015bciu mo\u017cna przeczyta\u0107 na stronie MISJA. Je\u015bli chcesz si\u0119 za mn\u0105 skontaktowa\u0107, nawi\u0105za\u0107 wsp\u00f3\u0142prac\u0119, zaprosi\u0107 na wyk\u0142ad &#8211; pisz \u015bmia\u0142o: kontakt@drequeen.pl DR EQUEENdr n. med. Katarzyna Jawna-Zboi\u0144ska<\/p>\n","protected":false},"author":1,"featured_media":0,"parent":0,"menu_order":0,"comment_status":"closed","ping_status":"closed","template":"","meta":{"footnotes":""},"class_list":["post-33","page","type-page","status-publish","hentry"],"_links":{"self":[{"href":"https:\/\/drequeen.pl\/index.php?rest_route=\/wp\/v2\/pages\/33","targetHints":{"allow":["GET"]}}],"collection":[{"href":"https:\/\/drequeen.pl\/index.php?rest_route=\/wp\/v2\/pages"}],"about":[{"href":"https:\/\/drequeen.pl\/index.php?rest_route=\/wp\/v2\/types\/page"}],"author":[{"embeddable":true,"href":"https:\/\/drequeen.pl\/index.php?rest_route=\/wp\/v2\/users\/1"}],"replies":[{"embeddable":true,"href":"https:\/\/drequeen.pl\/index.php?rest_route=%2Fwp%2Fv2%2Fcomments&post=33"}],"version-history":[{"count":17,"href":"https:\/\/drequeen.pl\/index.php?rest_route=\/wp\/v2\/pages\/33\/revisions"}],"predecessor-version":[{"id":188,"href":"https:\/\/drequeen.pl\/index.php?rest_route=\/wp\/v2\/pages\/33\/revisions\/188"}],"wp:attachment":[{"href":"https:\/\/drequeen.pl\/index.php?rest_route=%2Fwp%2Fv2%2Fmedia&parent=33"}],"curies":[{"name":"wp","href":"https:\/\/api.w.org\/{rel}","templated":true}]}}