{"id":21,"date":"2023-01-12T00:01:38","date_gmt":"2023-01-11T23:01:38","guid":{"rendered":"http:\/\/drequeen.pl\/?page_id=21"},"modified":"2023-03-08T13:00:02","modified_gmt":"2023-03-08T12:00:02","slug":"podcast","status":"publish","type":"page","link":"https:\/\/drequeen.pl\/?page_id=21","title":{"rendered":"PODCAST"},"content":{"rendered":"\n<div class=\"wp-block-group\"><div class=\"wp-block-group__inner-container is-layout-constrained wp-block-group-is-layout-constrained\">\n<h6 class=\"wp-block-heading\">&nbsp;<\/h6>\n\n\n\n<h6 class=\"wp-block-heading\">Wkr\u00f3tce&#8230; czyli zabieram si\u0119 do tego (jak pies do je\u017ca?) od ponad dw\u00f3ch lat \ud83d\ude09<\/h6>\n<\/div><\/div>\n","protected":false},"excerpt":{"rendered":"<p>&nbsp; Wkr\u00f3tce&#8230; czyli zabieram si\u0119 do tego (jak pies do je\u017ca?) od ponad dw\u00f3ch lat \ud83d\ude09<\/p>\n","protected":false},"author":1,"featured_media":0,"parent":0,"menu_order":0,"comment_status":"closed","ping_status":"closed","template":"elementor_header_footer","meta":{"footnotes":""},"class_list":["post-21","page","type-page","status-publish","hentry"],"_links":{"self":[{"href":"https:\/\/drequeen.pl\/index.php?rest_route=\/wp\/v2\/pages\/21","targetHints":{"allow":["GET"]}}],"collection":[{"href":"https:\/\/drequeen.pl\/index.php?rest_route=\/wp\/v2\/pages"}],"about":[{"href":"https:\/\/drequeen.pl\/index.php?rest_route=\/wp\/v2\/types\/page"}],"author":[{"embeddable":true,"href":"https:\/\/drequeen.pl\/index.php?rest_route=\/wp\/v2\/users\/1"}],"replies":[{"embeddable":true,"href":"https:\/\/drequeen.pl\/index.php?rest_route=%2Fwp%2Fv2%2Fcomments&post=21"}],"version-history":[{"count":11,"href":"https:\/\/drequeen.pl\/index.php?rest_route=\/wp\/v2\/pages\/21\/revisions"}],"predecessor-version":[{"id":180,"href":"https:\/\/drequeen.pl\/index.php?rest_route=\/wp\/v2\/pages\/21\/revisions\/180"}],"wp:attachment":[{"href":"https:\/\/drequeen.pl\/index.php?rest_route=%2Fwp%2Fv2%2Fmedia&parent=21"}],"curies":[{"name":"wp","href":"https:\/\/api.w.org\/{rel}","templated":true}]}}