{"id":19,"date":"2023-01-12T00:01:38","date_gmt":"2023-01-11T23:01:38","guid":{"rendered":"http:\/\/drequeen.pl\/?page_id=19"},"modified":"2023-03-08T12:58:01","modified_gmt":"2023-03-08T11:58:01","slug":"o-mnie","status":"publish","type":"page","link":"http:\/\/drequeen.pl\/?page_id=19","title":{"rendered":"MISJA"},"content":{"rendered":"<h6 style=\"text-align: center;\">MAM MISJ\u0118.<\/h6>\n<p style=\"text-align: center;\">Chcia\u0142abym promowa\u0107 <strong>rzeteln\u0105 nauk\u0119 w je\u017adziectwie<\/strong>.<br \/>\nOpart\u0105 na <strong>badaniach naukowych<\/strong>, ale podan\u0105 w przyst\u0119pny i zrozumia\u0142y spos\u00f3b.<br \/>\nTak, aby nie zanudzi\u0107, nie namiesza\u0107, ale jak najpro\u015bciej wyt\u0142umaczy\u0107 nawet skomplikowane kwestie.<br \/>\nU wi\u0119kszo\u015bci os\u00f3b s\u0142owa nauka, neurobiologia, fizyka a nie daj bo\u017ce statystyka powoduj\u0105 tiki nerwowe,<br \/>\nmd\u0142o\u015bci lub napady paniki. Spokojnie. B\u0119dzie \u0142atwo, mi\u0142o i przyjemnie.<br \/>\nJak mawia\u0142 znany w pewnych kr\u0119gach fizyk z burz\u0105 siwych w\u0142os\u00f3w<br \/>\n\u201e<em>nawet najwi\u0119ksza liczba pozytywnych eksperyment\u00f3w nie dowodzi bezspornie s\u0142uszno\u015bci teorii<\/em>\u201d.<br \/>\nDlatego w\u0105tpi\u0119. Ci\u0105gle szukam. Pytam. S\u0142ucham. Analizuj\u0119.<br \/>\n<strong>EWOLUUJ\u0118<\/strong>. Ka\u017cdego dnia si\u0119 ucz\u0119.<br \/>\nUwielbiam to, ale im wi\u0119cej wiem, tym mniej rozumiem.<br \/>\nS\u0142yszeli\u015bcie o efekcie Dunninga-Krugera?<br \/>\nJest bardzo popularny, zw\u0142aszcza w je\u017adziectwie internetowym.<\/p>\n<blockquote>\n<p style=\"padding-left: 40px;\"><i>\u201eTheory is the knowledge, practice the ability. Knowledge should always take precedence over action\u201d <\/i><i>\/<b>Alois Podhajsky, 1898-1973<\/b>\/<\/i><\/p>\n<\/blockquote>\n<p style=\"text-align: center;\">W swoim podej\u015bciu jestem do\u015b\u0107 pragmatyczna, wierz\u0119 liczbom, faktom, badaniom.<br \/>\nJednak konie <strong>maj\u0105 to CO\u015a<\/strong>.<br \/>\nCo\u015b czego nie da si\u0119 zmierzy\u0107, zbada\u0107 i mo\u017ce nawet poj\u0105\u0107. Tak\u0105 ezoteryczn\u0105 aur\u0119.<br \/>\nTotalnie nienaukowe. Tfu! Nieprofesjonalne podej\u015bcie z mojej strony&#8230; ale jak stoisz obok olbrzymiego zwierz\u0119cia, kt\u00f3re dmucha Ci w twarz zapatrzone gdzie\u015b w dal\u2026 to wiesz co mam na my\u015bli. One <strong>maj\u0105 to CO\u015a<\/strong>. Dlatego tak fascynuj\u0105. Uzale\u017cniaj\u0105 jak najczystsza kokaina.<br \/>\nCi\u0105gle chcesz wi\u0119cej i nigdy nie masz do\u015b\u0107. Tak samo jest z nauk\u0105\u2026<\/p>\n<p style=\"text-align: center;\">Do czego potrzebna jest <strong>nauka w je\u017adziectwie<\/strong>?<br \/>\nJednym zdaniem na to pytanie odpowiedzia\u0142 profesor Angelo Telatin<br \/>\n(Equine Science and Management, Delaware Valley College, USA):<\/p>\n<blockquote>\n<p style=\"text-align: left; padding-left: 40px;\"><em style=\"font-size: 19px; letter-spacing: 0.5px;\">\u201cTheory without practice is useless, but also practice without theories is senseless\u201d<\/em><\/p>\n<\/blockquote>\n<p style=\"text-align: center;\">I nie chodzi o to, \u017ceby zmienia\u0107 je\u017adziectwo w nauk\u0119.<br \/>\nDzi\u0119ki nauce mo\u017cemy lepiej zrozumie\u0107 pewne mechanizmy. Szczerze wierz\u0119, \u017ce teoria i praktyka mog\u0105 i\u015b\u0107 ze sob\u0105 w parze \u2013 a wszystko po to, aby polepszy\u0107 dobrostan koni.<\/p>\n<blockquote>\n<p style=\"padding-left: 40px;\"><i>\u201eKnowledge of what is natural in a horse is one of the cornerstones of the art of riding<br \/>\nand all horseman should make it a main point of study\u2026<br \/>\nWithout this theory, practice is always uncertain\u201d<br \/>\n\/<b>Fran\u00e7ois Robichon de La Gu\u00e9rini\u00e8re, 1688-1751<\/b>\/<br \/>\n<\/i><\/p>\n<\/blockquote>\n<p style=\"text-align: center;\">Imponuje mi <strong>pi\u0119kne, dobre je\u017adziectwo<\/strong>.<br \/>\nTakie m\u0105dre i jednocze\u015bnie skromne. Nienachalne.<\/p>\n<p style=\"text-align: center;\">Nie wierz\u0119 w jedyn\u0105 s\u0142uszn\u0105 metod\u0119 czy szko\u0142\u0119. Przeszkadza mi ta ca\u0142a otoczka marketingowa.<br \/>\nBardzo, ale to bardzo szanuj\u0119 autorytety, ale\u2026 nie wierz\u0119, \u017ce jedna osoba mo\u017ce zna\u0107 odpowiedzi na wszystkie pytania. No chyba, \u017ce m\u00f3wimy o Jego Magnificencji Rektorze \u015bwiata i okolic, najznamienitszym Panu Profesorze Google. Nie ma bata! Nie mo\u017cna by\u0107 jednocze\u015bnie weterynarzem wszystkich specjalno\u015bci, kowalem, \u017cywieniowcem, fizjoterapeut\u0105, trenerem, je\u017ad\u017acem wszystkich dyscyplin i wiedzie\u0107 o koniach wszystkiego. Nidyrydy. <strong>Nie wiem wszystkiego.<\/strong> Ja ju\u017c si\u0119 przed sob\u0105 przyzna\u0142am, a Ty?<\/p>\n<blockquote>\n<p style=\"padding-left: 40px;\"><i>\u201eReading, observation, reflection, study of the theory and practice mutually enhance one another\u201d<\/i><br \/>\n\/<b>Philippe Karl<\/b>\/<\/p>\n<\/blockquote>\n<p style=\"text-align: center;\">Mam poczucie, \u017ce w naszym ko\u0144skim \u015bwiecie wiele os\u00f3b wie najlepiej, wie wszystko i \u201eporadzi\u201d sobie z ka\u017cdym koniem. Odczarujmy nasz \u201eko\u0144ski \u015bwiatek\u201d. Uczmy si\u0119 od siebie nawzajem. Zbytnio skupiamy si\u0119 na r\u00f3\u017cnicach, podzia\u0142ach, konspiracyjnych teoriach, sekciarskich obozach, gangach, bandach, lo\u017cach. Je\u017adziectwo klasyczne, naturalne, barokowe, uje\u017cd\u017ceniowcy, skoczkowie\u2026 ka\u017cdy ci\u0105gnie w swoj\u0105 stron\u0119 i traci mn\u00f3stwo niepotrzebnej energii na to, \u017ceby udowodni\u0107, \u017ce jest lepszy i to ON MA RACJE. Tak naprawd\u0119 wszystkich nas \u0142\u0105cz\u0105 konie. I oboj\u0119tnie czy je\u017adzisz rekreacyjnie, startujesz w Grand Prix, hodujesz hucu\u0142y czy kolekcjonujesz czapraki \u2013 ci\u0105gle chodzi o <strong>KONIE<\/strong>. Niech sprz\u0119ty, metody, nazwy tego nie przes\u0142oni\u0105. Bo je\u017celi je kochasz, szanujesz, to chcesz dla nich jak najlepiej. B\u0119dziesz si\u0119 rozwija\u0142, czyta\u0142,<br \/>\nanalizowa\u0142, pr\u00f3bowa\u0142, pope\u0142nia\u0142 b\u0142\u0119dy i ca\u0142y czas si\u0119 uczy\u0142.<\/p>\n<p style=\"text-align: center;\">Na przyj\u0119cie ogromu tej wiedzy nie starczy \u017cycia, ale chyba warto pr\u00f3bowa\u0107. Niewiele jest rzeczy tylko w kolorach czarnym lub bia\u0142ym. \u015amiem twierdzi\u0107, \u017ce najwi\u0119cej jest odcieni szaro\u015bci. Oczywi\u015bcie bezsprzecznym pozostaje, \u017ce dobro konia zawsze powinno by\u0107 na pierwszym miejscu.<\/p>\n","protected":false},"excerpt":{"rendered":"<p>MAM MISJ\u0118. Chcia\u0142abym promowa\u0107 rzeteln\u0105 nauk\u0119 w je\u017adziectwie. Opart\u0105 na badaniach naukowych, ale podan\u0105 w przyst\u0119pny i zrozumia\u0142y spos\u00f3b. Tak, aby nie zanudzi\u0107, nie namiesza\u0107, ale jak najpro\u015bciej wyt\u0142umaczy\u0107 nawet skomplikowane kwestie. U wi\u0119kszo\u015bci os\u00f3b s\u0142owa nauka, neurobiologia, fizyka a nie daj bo\u017ce statystyka powoduj\u0105 tiki nerwowe, md\u0142o\u015bci lub napady paniki. Spokojnie. B\u0119dzie \u0142atwo, mi\u0142o i przyjemnie. Jak mawia\u0142 znany w pewnych kr\u0119gach fizyk z burz\u0105 siwych w\u0142os\u00f3w \u201enawet najwi\u0119ksza liczba pozytywnych eksperyment\u00f3w nie dowodzi bezspornie s\u0142uszno\u015bci teorii\u201d. Dlatego w\u0105tpi\u0119. Ci\u0105gle szukam. Pytam. S\u0142ucham. Analizuj\u0119. EWOLUUJ\u0118. Ka\u017cdego dnia si\u0119 ucz\u0119. Uwielbiam to, ale im wi\u0119cej wiem, tym mniej rozumiem. S\u0142yszeli\u015bcie o efekcie Dunninga-Krugera? Jest bardzo popularny, zw\u0142aszcza w je\u017adziectwie internetowym. \u201eTheory is the knowledge, practice the ability. Knowledge should always take precedence over action\u201d \/Alois Podhajsky, 1898-1973\/ W swoim podej\u015bciu jestem do\u015b\u0107 pragmatyczna, wierz\u0119 liczbom, faktom, badaniom. Jednak konie maj\u0105 to CO\u015a. Co\u015b czego nie da si\u0119 zmierzy\u0107, zbada\u0107 i mo\u017ce nawet poj\u0105\u0107. Tak\u0105 ezoteryczn\u0105 aur\u0119. Totalnie nienaukowe. Tfu! Nieprofesjonalne podej\u015bcie z mojej strony&#8230; ale jak stoisz obok olbrzymiego zwierz\u0119cia, kt\u00f3re dmucha Ci w twarz zapatrzone gdzie\u015b w dal\u2026 to wiesz co mam na my\u015bli. One maj\u0105 to CO\u015a. Dlatego tak fascynuj\u0105. Uzale\u017cniaj\u0105 jak najczystsza kokaina. Ci\u0105gle chcesz wi\u0119cej i nigdy nie masz do\u015b\u0107. Tak samo jest z nauk\u0105\u2026 Do czego potrzebna jest nauka w je\u017adziectwie? Jednym zdaniem na to pytanie odpowiedzia\u0142 profesor Angelo Telatin (Equine Science and Management, Delaware Valley College, USA): \u201cTheory without practice is useless, but also practice without theories is senseless\u201d I nie chodzi o to, \u017ceby zmienia\u0107 je\u017adziectwo w nauk\u0119. Dzi\u0119ki nauce mo\u017cemy lepiej zrozumie\u0107 pewne mechanizmy. Szczerze wierz\u0119, \u017ce teoria i praktyka mog\u0105 i\u015b\u0107 ze sob\u0105 w parze \u2013 a wszystko po to, aby polepszy\u0107 dobrostan koni. \u201eKnowledge of what is natural in a horse is one of the cornerstones of the art of riding and all horseman should make it a main point of study\u2026 Without this theory, practice is always uncertain\u201d \/Fran\u00e7ois Robichon de La Gu\u00e9rini\u00e8re, 1688-1751\/ Imponuje mi pi\u0119kne, dobre je\u017adziectwo. Takie m\u0105dre i jednocze\u015bnie skromne. Nienachalne. Nie wierz\u0119 w jedyn\u0105 s\u0142uszn\u0105 metod\u0119 czy szko\u0142\u0119. Przeszkadza mi ta ca\u0142a otoczka marketingowa. Bardzo, ale to bardzo szanuj\u0119 autorytety, ale\u2026 nie wierz\u0119, \u017ce jedna osoba mo\u017ce zna\u0107 odpowiedzi na wszystkie pytania. No chyba, \u017ce m\u00f3wimy o Jego Magnificencji Rektorze \u015bwiata i okolic, najznamienitszym Panu Profesorze Google. Nie ma bata! Nie mo\u017cna by\u0107 jednocze\u015bnie weterynarzem wszystkich specjalno\u015bci, kowalem, \u017cywieniowcem, fizjoterapeut\u0105, trenerem, je\u017ad\u017acem wszystkich dyscyplin i wiedzie\u0107 o koniach wszystkiego. Nidyrydy. Nie wiem wszystkiego. Ja ju\u017c si\u0119 przed sob\u0105 przyzna\u0142am, a Ty? \u201eReading, observation, reflection, study of the theory and practice mutually enhance one another\u201d \/Philippe Karl\/ Mam poczucie, \u017ce w naszym ko\u0144skim \u015bwiecie wiele os\u00f3b wie najlepiej, wie wszystko i \u201eporadzi\u201d sobie z ka\u017cdym koniem. Odczarujmy nasz \u201eko\u0144ski \u015bwiatek\u201d. Uczmy si\u0119 od siebie nawzajem. Zbytnio skupiamy si\u0119 na r\u00f3\u017cnicach, podzia\u0142ach, konspiracyjnych teoriach, sekciarskich obozach, gangach, bandach, lo\u017cach. Je\u017adziectwo klasyczne, naturalne, barokowe, uje\u017cd\u017ceniowcy, skoczkowie\u2026 ka\u017cdy ci\u0105gnie w swoj\u0105 stron\u0119 i traci mn\u00f3stwo niepotrzebnej energii na to, \u017ceby udowodni\u0107, \u017ce jest lepszy i to ON MA RACJE. Tak naprawd\u0119 wszystkich nas \u0142\u0105cz\u0105 konie. I oboj\u0119tnie czy je\u017adzisz rekreacyjnie, startujesz w Grand Prix, hodujesz hucu\u0142y czy kolekcjonujesz czapraki \u2013 ci\u0105gle chodzi o KONIE. Niech sprz\u0119ty, metody, nazwy tego nie przes\u0142oni\u0105. Bo je\u017celi je kochasz, szanujesz, to chcesz dla nich jak najlepiej. B\u0119dziesz si\u0119 rozwija\u0142, czyta\u0142, analizowa\u0142, pr\u00f3bowa\u0142, pope\u0142nia\u0142 b\u0142\u0119dy i ca\u0142y czas si\u0119 uczy\u0142. Na przyj\u0119cie ogromu tej wiedzy nie starczy \u017cycia, ale chyba warto pr\u00f3bowa\u0107. Niewiele jest rzeczy tylko w kolorach czarnym lub bia\u0142ym. \u015amiem twierdzi\u0107, \u017ce najwi\u0119cej jest odcieni szaro\u015bci. Oczywi\u015bcie bezsprzecznym pozostaje, \u017ce dobro konia zawsze powinno by\u0107 na pierwszym miejscu.<\/p>\n","protected":false},"author":1,"featured_media":0,"parent":0,"menu_order":0,"comment_status":"closed","ping_status":"closed","template":"elementor_header_footer","meta":{"footnotes":""},"class_list":["post-19","page","type-page","status-publish","hentry"],"_links":{"self":[{"href":"http:\/\/drequeen.pl\/index.php?rest_route=\/wp\/v2\/pages\/19","targetHints":{"allow":["GET"]}}],"collection":[{"href":"http:\/\/drequeen.pl\/index.php?rest_route=\/wp\/v2\/pages"}],"about":[{"href":"http:\/\/drequeen.pl\/index.php?rest_route=\/wp\/v2\/types\/page"}],"author":[{"embeddable":true,"href":"http:\/\/drequeen.pl\/index.php?rest_route=\/wp\/v2\/users\/1"}],"replies":[{"embeddable":true,"href":"http:\/\/drequeen.pl\/index.php?rest_route=%2Fwp%2Fv2%2Fcomments&post=19"}],"version-history":[{"count":33,"href":"http:\/\/drequeen.pl\/index.php?rest_route=\/wp\/v2\/pages\/19\/revisions"}],"predecessor-version":[{"id":178,"href":"http:\/\/drequeen.pl\/index.php?rest_route=\/wp\/v2\/pages\/19\/revisions\/178"}],"wp:attachment":[{"href":"http:\/\/drequeen.pl\/index.php?rest_route=%2Fwp%2Fv2%2Fmedia&parent=19"}],"curies":[{"name":"wp","href":"https:\/\/api.w.org\/{rel}","templated":true}]}}